{"id":28355,"date":"2025-03-03T22:33:06","date_gmt":"2025-03-03T21:33:06","guid":{"rendered":"https:\/\/neu.venus-spirit.com\/speaker\/peter-denk\/"},"modified":"2025-10-05T21:30:25","modified_gmt":"2025-10-05T19:30:25","slug":"peter-denk","status":"publish","type":"page","link":"https:\/\/venus-spirit.com\/en\/speaker\/peter-denk\/","title":{"rendered":"Peter Denk (D)"},"content":{"rendered":"\t\t<div data-elementor-type=\"wp-page\" data-elementor-id=\"28355\" class=\"elementor elementor-28355 elementor-1262\" data-elementor-settings=\"{&quot;ha_cmc_init_switcher&quot;:&quot;no&quot;}\" data-elementor-post-type=\"page\">\n\t\t\t\t<div class=\"elementor-element elementor-element-b5929c9 e-grid e-con-boxed wpr-particle-no wpr-jarallax-no wpr-parallax-no wpr-sticky-section-no wpr-equal-height-no e-con e-parent\" data-id=\"b5929c9\" data-element_type=\"container\" data-e-type=\"container\" data-settings=\"{&quot;_ha_eqh_enable&quot;:false}\">\n\t\t\t\t\t<div class=\"e-con-inner\">\n\t\t\t\t<div class=\"elementor-element elementor-element-224bce5 elementor-widget elementor-widget-image\" data-id=\"224bce5\" data-element_type=\"widget\" data-e-type=\"widget\" data-widget_type=\"image.default\">\n\t\t\t\t<div class=\"elementor-widget-container\">\n\t\t\t\t\t\t\t\t\t\t\t\t\t\t\t<img loading=\"lazy\" decoding=\"async\" width=\"450\" height=\"450\" src=\"https:\/\/venus-spirit.com\/wp-content\/uploads\/Peter-Denk-450x450.jpg\" class=\"attachment-medium size-medium wp-image-26043\" alt=\"\" srcset=\"https:\/\/venus-spirit.com\/wp-content\/uploads\/Peter-Denk-450x450.jpg 450w, https:\/\/venus-spirit.com\/wp-content\/uploads\/Peter-Denk-150x150.jpg 150w, https:\/\/venus-spirit.com\/wp-content\/uploads\/Peter-Denk-600x600.jpg 600w, https:\/\/venus-spirit.com\/wp-content\/uploads\/Peter-Denk-300x300.jpg 300w, https:\/\/venus-spirit.com\/wp-content\/uploads\/Peter-Denk.jpg 700w\" sizes=\"auto, (max-width: 450px) 100vw, 450px\" \/>\t\t\t\t\t\t\t\t\t\t\t\t\t\t\t<\/div>\n\t\t\t\t<\/div>\n\t\t\t\t\t<\/div>\n\t\t\t\t<\/div>\n\t\t<div class=\"elementor-element elementor-element-6f77d70b e-flex e-con-boxed wpr-particle-no wpr-jarallax-no wpr-parallax-no wpr-sticky-section-no wpr-equal-height-no e-con e-parent\" data-id=\"6f77d70b\" data-element_type=\"container\" data-e-type=\"container\" data-settings=\"{&quot;_ha_eqh_enable&quot;:false}\">\n\t\t\t\t\t<div class=\"e-con-inner\">\n\t\t\t\t<div class=\"elementor-element elementor-element-0ae8b4f elementor-widget elementor-widget-heading\" data-id=\"0ae8b4f\" data-element_type=\"widget\" data-e-type=\"widget\" data-widget_type=\"heading.default\">\n\t\t\t\t<div class=\"elementor-widget-container\">\n\t\t\t\t\t<h2 class=\"elementor-heading-title elementor-size-default\">Hintergrundforscher,\nBuch- &amp; Internetautor<\/h2>\t\t\t\t<\/div>\n\t\t\t\t<\/div>\n\t\t\t\t<div class=\"elementor-element elementor-element-25eba904 elementor-widget elementor-widget-text-editor\" data-id=\"25eba904\" data-element_type=\"widget\" data-e-type=\"widget\" data-widget_type=\"text-editor.default\">\n\t\t\t\t<div class=\"elementor-widget-container\">\n\t\t\t\t\t\t\t\t\t<p>Peter Denk arbeitete als Diplom-Ingenieur \u00fcber 20 Jahre in der IT-Industrie in namhaften Unternehmen. Durch seine solide naturwissenschaftliche Ausbildung ist er gewohnt, unvoreingenommen Analysen durchzuf\u00fchren und Daten zu sammeln, um Verst\u00e4ndnis f\u00fcr neue Vorg\u00e4nge zu erlangen.<\/p><p>Da er grunds\u00e4tzlich m\u00f6glichst neutral an die Sachverhalte herangeht, fiel ihm fr\u00fch auf, dass in den Massenmedien bestimmte Themenbereiche komplett ausgeblendet oder auch falsch dargestellt werden. Die Lekt\u00fcre vieler B\u00fccher, eigene Recherchen und auch Erfahrungen sowie Kontakte zu au\u00dfergew\u00f6hnlichen Quellen brachten ihm Verst\u00e4ndnis f\u00fcr eine Reihe von Zusammenh\u00e4ngen in Politik, Wirtschaft, Finanzsystem und spirituellen Erkenntnissen, die zu seiner Autorent\u00e4tigkeit f\u00fchrten.<\/p><p>2008 publizierte er sein erstes Buch, seit 2009 schreibt er auf mehreren eigenen Webseiten im Internet zu den Themen Krisenvorsorge, Zeitprognosen und aktuellen Zeitthemen.<\/p><p>Er gibt einen kostenlosen und einen kostenpflichtigen Newsletter heraus, der kostenlose Newsletter hat mittlerweile \u00fcber 6.000 Abonnenten.<\/p><p>Im Jahre 2015 brachte er sein medienkritisches Buch \u201eL\u00fcgenpresse\u201c im J-K-Fischer-Verlag heraus, da die Massenmedien in Deutschland und den meisten westlichen L\u00e4ndern auff\u00e4llig gleichartig und extrem tendenzi\u00f6s \u00fcber bestimmte Themenbereiche berichten. Deswegen suchte er nach den Gr\u00fcnden daf\u00fcr und fand eine Reihe von erstaunlichen Zusammenh\u00e4ngen, die dieses erkl\u00e4ren und ein bedenkliches Licht auf Demokratie und Rechtsstaat werfen.<\/p><p>2018 folgte sein Buch \u201eDas Mars-Geheimnis\u201c, das Ungereimtheiten in der Weltraumforschung thematisiert.<\/p><p>Sein aktuellstes Buch mit dem Titel \u201eZyklen und Synchronizit\u00e4ten in der Weltgeschichte\u201c erschien 2024 im Osiris-Verlag.<\/p><p>Webseite\u00a0<a href=\"https:\/\/krisenrat.info\" rel=\"noopener\">krisenrat.info<\/a><\/p>\t\t\t\t\t\t\t\t<\/div>\n\t\t\t\t<\/div>\n\t\t\t\t\t<\/div>\n\t\t\t\t<\/div>\n\t\t<div class=\"elementor-element elementor-element-c875a65 e-flex e-con-boxed wpr-particle-no wpr-jarallax-no wpr-parallax-no wpr-sticky-section-no wpr-equal-height-no e-con e-parent\" data-id=\"c875a65\" data-element_type=\"container\" data-e-type=\"container\" data-settings=\"{&quot;_ha_eqh_enable&quot;:false}\">\n\t\t\t\t\t<div class=\"e-con-inner\">\n\t\t\t\t<div class=\"elementor-element elementor-element-c43e1aa elementor-widget elementor-widget-heading\" data-id=\"c43e1aa\" data-element_type=\"widget\" data-e-type=\"widget\" data-widget_type=\"heading.default\">\n\t\t\t\t<div class=\"elementor-widget-container\">\n\t\t\t\t\t<h3 class=\"elementor-heading-title elementor-size-default\">Peter Denk bei Venus Spirit Events<\/h3>\t\t\t\t<\/div>\n\t\t\t\t<\/div>\n\t\t\t\t<div class=\"elementor-element elementor-element-2e71744 elementor-widget elementor-widget-text-editor\" data-id=\"2e71744\" data-element_type=\"widget\" data-e-type=\"widget\" data-widget_type=\"text-editor.default\">\n\t\t\t\t<div class=\"elementor-widget-container\">\n\t\t\t\t\t\t\t\t\t<p><span style=\"color: #771c6f;\">Mehr Info \u00fcber Tickets und Aufzeichnungen findest du auf den Konferenz-Seiten.<\/span><\/p><p><a href=\"https:\/\/venus-spirit.com\/event\/ultimative-ufo-enthuellungskonferenz-2-0\/\">Ultimative UFO-Enth\u00fcllungskonferenz 2.0<\/a><br \/>Mai 2026 in Kirchheim, Hessen<\/p><p><a href=\"https:\/\/venus-spirit.com\/ufo-konferenz-2024\/\">Die Ultimative UFO-Enth\u00fcllungs-Konferenz<\/a><br \/>Juni 2024 in Memmingen<\/p>\t\t\t\t\t\t\t\t<\/div>\n\t\t\t\t<\/div>\n\t\t\t\t\t<\/div>\n\t\t\t\t<\/div>\n\t\t\t\t<\/div>\n\t\t","protected":false},"excerpt":{"rendered":"<p>Hintergrundforscher, Buch- &amp; Internetautor Peter Denk arbeitete als Diplom-Ingenieur \u00fcber 20 Jahre in der IT-Industrie in namhaften Unternehmen. Durch seine solide naturwissenschaftliche Ausbildung ist er gewohnt, unvoreingenommen Analysen durchzuf\u00fchren und Daten zu sammeln, um Verst\u00e4ndnis f\u00fcr neue Vorg\u00e4nge zu erlangen. Da er grunds\u00e4tzlich m\u00f6glichst neutral an die Sachverhalte herangeht, fiel ihm fr\u00fch auf, dass in den Massenmedien bestimmte Themenbereiche komplett ausgeblendet oder auch falsch dargestellt werden. Die Lekt\u00fcre vieler B\u00fccher, eigene Recherchen und auch Erfahrungen sowie Kontakte zu au\u00dfergew\u00f6hnlichen Quellen brachten ihm Verst\u00e4ndnis f\u00fcr eine Reihe von Zusammenh\u00e4ngen in Politik, Wirtschaft, Finanzsystem und spirituellen Erkenntnissen, die zu seiner Autorent\u00e4tigkeit f\u00fchrten. 2008 publizierte er sein erstes Buch, seit 2009 schreibt er auf mehreren eigenen Webseiten im Internet zu den Themen Krisenvorsorge, Zeitprognosen und aktuellen Zeitthemen. Er gibt einen kostenlosen und einen kostenpflichtigen Newsletter heraus, der kostenlose Newsletter hat mittlerweile \u00fcber 6.000 Abonnenten. Im Jahre 2015 brachte er sein medienkritisches Buch \u201eL\u00fcgenpresse\u201c im J-K-Fischer-Verlag heraus, da die Massenmedien in Deutschland und den meisten westlichen L\u00e4ndern auff\u00e4llig gleichartig und extrem tendenzi\u00f6s \u00fcber bestimmte Themenbereiche berichten. Deswegen suchte er nach den Gr\u00fcnden daf\u00fcr und fand eine Reihe von erstaunlichen Zusammenh\u00e4ngen, die dieses erkl\u00e4ren und ein bedenkliches Licht auf Demokratie und Rechtsstaat werfen. 2018 folgte sein Buch \u201eDas Mars-Geheimnis\u201c, das Ungereimtheiten in der Weltraumforschung thematisiert. Sein aktuellstes Buch mit dem Titel \u201eZyklen und Synchronizit\u00e4ten in der Weltgeschichte\u201c erschien 2024 im Osiris-Verlag. Webseite\u00a0krisenrat.info Peter Denk bei Venus Spirit Events Mehr Info \u00fcber Tickets und Aufzeichnungen findest du auf den Konferenz-Seiten. Ultimative UFO-Enth\u00fcllungskonferenz 2.0Mai 2026 in Kirchheim, Hessen Die Ultimative UFO-Enth\u00fcllungs-KonferenzJuni 2024 in Memmingen<\/p>\n","protected":false},"author":1,"featured_media":0,"parent":26978,"menu_order":0,"comment_status":"closed","ping_status":"closed","template":"","meta":{"ocean_post_layout":"right-sidebar","ocean_both_sidebars_style":"","ocean_both_sidebars_content_width":0,"ocean_both_sidebars_sidebars_width":0,"ocean_sidebar":"ocs-sprecher","ocean_second_sidebar":"0","ocean_disable_margins":"enable","ocean_add_body_class":"","ocean_shortcode_before_top_bar":"","ocean_shortcode_after_top_bar":"","ocean_shortcode_before_header":"","ocean_shortcode_after_header":"","ocean_has_shortcode":"","ocean_shortcode_after_title":"","ocean_shortcode_before_footer_widgets":"","ocean_shortcode_after_footer_widgets":"","ocean_shortcode_before_footer_bottom":"","ocean_shortcode_after_footer_bottom":"","ocean_display_top_bar":"default","ocean_display_header":"default","ocean_header_style":"","ocean_center_header_left_menu":"0","ocean_custom_header_template":"0","ocean_custom_logo":0,"ocean_custom_retina_logo":0,"ocean_custom_logo_max_width":0,"ocean_custom_logo_tablet_max_width":0,"ocean_custom_logo_mobile_max_width":0,"ocean_custom_logo_max_height":0,"ocean_custom_logo_tablet_max_height":0,"ocean_custom_logo_mobile_max_height":0,"ocean_header_custom_menu":"0","ocean_menu_typo_font_family":"0","ocean_menu_typo_font_subset":"","ocean_menu_typo_font_size":0,"ocean_menu_typo_font_size_tablet":0,"ocean_menu_typo_font_size_mobile":0,"ocean_menu_typo_font_size_unit":"px","ocean_menu_typo_font_weight":"","ocean_menu_typo_font_weight_tablet":"","ocean_menu_typo_font_weight_mobile":"","ocean_menu_typo_transform":"","ocean_menu_typo_transform_tablet":"","ocean_menu_typo_transform_mobile":"","ocean_menu_typo_line_height":0,"ocean_menu_typo_line_height_tablet":0,"ocean_menu_typo_line_height_mobile":0,"ocean_menu_typo_line_height_unit":"","ocean_menu_typo_spacing":0,"ocean_menu_typo_spacing_tablet":0,"ocean_menu_typo_spacing_mobile":0,"ocean_menu_typo_spacing_unit":"","ocean_menu_link_color":"","ocean_menu_link_color_hover":"","ocean_menu_link_color_active":"","ocean_menu_link_background":"","ocean_menu_link_hover_background":"","ocean_menu_link_active_background":"","ocean_menu_social_links_bg":"","ocean_menu_social_hover_links_bg":"","ocean_menu_social_links_color":"","ocean_menu_social_hover_links_color":"","ocean_disable_title":"default","ocean_disable_heading":"default","ocean_post_title":"","ocean_post_subheading":"","ocean_post_title_style":"","ocean_post_title_background_color":"","ocean_post_title_background":0,"ocean_post_title_bg_image_position":"","ocean_post_title_bg_image_attachment":"","ocean_post_title_bg_image_repeat":"","ocean_post_title_bg_image_size":"","ocean_post_title_height":0,"ocean_post_title_bg_overlay":0.5,"ocean_post_title_bg_overlay_color":"","ocean_disable_breadcrumbs":"default","ocean_breadcrumbs_color":"","ocean_breadcrumbs_separator_color":"","ocean_breadcrumbs_links_color":"","ocean_breadcrumbs_links_hover_color":"","ocean_display_footer_widgets":"default","ocean_display_footer_bottom":"default","ocean_custom_footer_template":"0","footnotes":""},"class_list":["post-28355","page","type-page","status-publish","hentry","entry","owp-thumbs-layout-horizontal","owp-btn-normal","owp-tabs-layout-section","has-no-thumbnails","circle-sale"],"_links":{"self":[{"href":"https:\/\/venus-spirit.com\/en\/wp-json\/wp\/v2\/pages\/28355","targetHints":{"allow":["GET"]}}],"collection":[{"href":"https:\/\/venus-spirit.com\/en\/wp-json\/wp\/v2\/pages"}],"about":[{"href":"https:\/\/venus-spirit.com\/en\/wp-json\/wp\/v2\/types\/page"}],"author":[{"embeddable":true,"href":"https:\/\/venus-spirit.com\/en\/wp-json\/wp\/v2\/users\/1"}],"replies":[{"embeddable":true,"href":"https:\/\/venus-spirit.com\/en\/wp-json\/wp\/v2\/comments?post=28355"}],"version-history":[{"count":0,"href":"https:\/\/venus-spirit.com\/en\/wp-json\/wp\/v2\/pages\/28355\/revisions"}],"up":[{"embeddable":true,"href":"https:\/\/venus-spirit.com\/en\/wp-json\/wp\/v2\/pages\/26978"}],"wp:attachment":[{"href":"https:\/\/venus-spirit.com\/en\/wp-json\/wp\/v2\/media?parent=28355"}],"curies":[{"name":"wp","href":"https:\/\/api.w.org\/{rel}","templated":true}]}}